{"id":1224,"date":"2017-04-25T06:27:49","date_gmt":"2017-04-25T06:27:49","guid":{"rendered":"https:\/\/powercube.ro\/site\/?page_id=1224"},"modified":"2020-12-11T09:13:53","modified_gmt":"2020-12-11T09:13:53","slug":"forum-2","status":"publish","type":"page","link":"https:\/\/www.subarufanclub.ro\/site\/forum-2\/","title":{"rendered":"Forum"},"content":{"rendered":"<p>[et_pb_section fb_built=&#8221;1&#8243; fullwidth=&#8221;on&#8221; next_background_color=&#8221;#ffffff&#8221; disabled_on=&#8221;on|off|off&#8221; admin_label=&#8221;section&#8221; _builder_version=&#8221;3.22&#8243; background_image=&#8221;https:\/\/www.subarufanclub.ro\/site\/wp-content\/uploads\/2017\/03\/outback-frontmask.jpg&#8221; parallax=&#8221;on&#8221; custom_padding=&#8221;50px||50px|&#8221; top_divider_style=&#8221;slant2&#8243; top_divider_color=&#8221;#6491de&#8221; top_divider_height=&#8221;50px&#8221; bottom_divider_style=&#8221;ramp2&#8243;][et_pb_fullwidth_header title=&#8221;Forum&#8221; title_font_color=&#8221;#aaaaaa&#8221; _builder_version=&#8221;3.16&#8243; title_text_color=&#8221;#aaaaaa&#8221; title_font_size=&#8221;48px&#8221; background_color=&#8221;rgba(255, 255, 255, 0)&#8221; button_one_text_size__hover_enabled=&#8221;off&#8221; button_two_text_size__hover_enabled=&#8221;off&#8221; button_one_text_color__hover_enabled=&#8221;off&#8221; button_two_text_color__hover_enabled=&#8221;off&#8221; button_one_border_width__hover_enabled=&#8221;off&#8221; button_two_border_width__hover_enabled=&#8221;off&#8221; button_one_border_color__hover_enabled=&#8221;off&#8221; button_two_border_color__hover_enabled=&#8221;off&#8221; button_one_border_radius__hover_enabled=&#8221;off&#8221; button_two_border_radius__hover_enabled=&#8221;off&#8221; button_one_letter_spacing__hover_enabled=&#8221;off&#8221; button_two_letter_spacing__hover_enabled=&#8221;off&#8221; button_one_bg_color__hover_enabled=&#8221;off&#8221; button_two_bg_color__hover_enabled=&#8221;off&#8221;][\/et_pb_fullwidth_header][\/et_pb_section][et_pb_section fb_built=&#8221;1&#8243; admin_label=&#8221;section&#8221; _builder_version=&#8221;3.22&#8243; custom_padding=&#8221;||10vh|&#8221; bottom_divider_style=&#8221;ramp2&#8243; bottom_divider_color=&#8221;#505050&#8243;][et_pb_row _builder_version=&#8221;3.25&#8243; custom_margin=&#8221;0px||0px|&#8221; custom_padding=&#8221;0px||0px|&#8221; hover_enabled=&#8221;0&#8243; sticky_enabled=&#8221;0&#8243;][et_pb_column type=&#8221;4_4&#8243; _builder_version=&#8221;3.25&#8243; custom_padding=&#8221;|||&#8221; custom_padding__hover=&#8221;|||&#8221;][et_pb_slider _builder_version=&#8221;4.7.4&#8243; body_font=&#8221;||||||||&#8221; body_line_height=&#8221;1.8em&#8221; custom_margin=&#8221;|||&#8221; custom_padding=&#8221;5vh||10vh|&#8221; hover_enabled=&#8221;0&#8243; show_inner_shadow=&#8221;off&#8221; button_text_size__hover_enabled=&#8221;off&#8221; button_one_text_size__hover_enabled=&#8221;off&#8221; button_two_text_size__hover_enabled=&#8221;off&#8221; button_text_color__hover_enabled=&#8221;off&#8221; button_one_text_color__hover_enabled=&#8221;off&#8221; button_two_text_color__hover_enabled=&#8221;off&#8221; button_border_width__hover_enabled=&#8221;off&#8221; button_one_border_width__hover_enabled=&#8221;off&#8221; button_two_border_width__hover_enabled=&#8221;off&#8221; button_border_color__hover_enabled=&#8221;off&#8221; button_one_border_color__hover_enabled=&#8221;off&#8221; button_two_border_color__hover_enabled=&#8221;off&#8221; button_border_radius__hover_enabled=&#8221;off&#8221; button_one_border_radius__hover_enabled=&#8221;off&#8221; button_two_border_radius__hover_enabled=&#8221;off&#8221; button_letter_spacing__hover_enabled=&#8221;off&#8221; button_one_letter_spacing__hover_enabled=&#8221;off&#8221; button_two_letter_spacing__hover_enabled=&#8221;off&#8221; button_bg_color__hover_enabled=&#8221;off&#8221; button_one_bg_color__hover_enabled=&#8221;off&#8221; button_two_bg_color__hover_enabled=&#8221;off&#8221; sticky_enabled=&#8221;0&#8243;][et_pb_slide _builder_version=&#8221;4.7.4&#8243; background_color=&#8221;#ffffff&#8221; text_orientation=&#8221;left&#8221; background_layout=&#8221;light&#8221; hover_enabled=&#8221;0&#8243; sticky_transition=&#8221;on&#8221; button_text_size__hover_enabled=&#8221;off&#8221; button_one_text_size__hover_enabled=&#8221;off&#8221; button_two_text_size__hover_enabled=&#8221;off&#8221; button_text_color__hover_enabled=&#8221;off&#8221; button_one_text_color__hover_enabled=&#8221;off&#8221; button_two_text_color__hover_enabled=&#8221;off&#8221; button_border_width__hover_enabled=&#8221;off&#8221; button_one_border_width__hover_enabled=&#8221;off&#8221; button_two_border_width__hover_enabled=&#8221;off&#8221; button_border_color__hover_enabled=&#8221;off&#8221; button_one_border_color__hover_enabled=&#8221;off&#8221; button_two_border_color__hover_enabled=&#8221;off&#8221; button_border_radius__hover_enabled=&#8221;off&#8221; button_one_border_radius__hover_enabled=&#8221;off&#8221; button_two_border_radius__hover_enabled=&#8221;off&#8221; button_letter_spacing__hover_enabled=&#8221;off&#8221; button_one_letter_spacing__hover_enabled=&#8221;off&#8221; button_two_letter_spacing__hover_enabled=&#8221;off&#8221; button_bg_color__hover_enabled=&#8221;off&#8221; button_one_bg_color__hover_enabled=&#8221;off&#8221; button_two_bg_color__hover_enabled=&#8221;off&#8221; sticky_enabled=&#8221;0&#8243;]<\/p>\n<p><em>&#8220;&#8230;Mersi inca o data de sfaturi. Tre sa marturisesc ca is un pic uimit de cata ospitalitate e pe forumul asta&#8230;<\/em><em>&#8220;<\/em><\/p>\n<p style=\"text-align: right;\"><a href=\"https:\/\/www.subarufanclub.ro\/forum\/index.php\/topic,1202.msg100243.html#msg100243\"><strong>ioanmoldovan95<\/strong><\/a><\/p>\n<p style=\"text-align: right; font-size: 0.6rem;\">Jurnale de bord\/ Legacy &amp; Outback\/\u00a0 Legacy\/Outback I, II \u0219i III (89-2003) \/ Outback BH 2003<\/p>\n<p>[\/et_pb_slide][et_pb_slide _builder_version=&#8221;4.7.4&#8243; background_color=&#8221;#ffffff&#8221; text_orientation=&#8221;left&#8221; background_layout=&#8221;light&#8221; hover_enabled=&#8221;0&#8243; sticky_transition=&#8221;on&#8221; button_text_size__hover_enabled=&#8221;off&#8221; button_one_text_size__hover_enabled=&#8221;off&#8221; button_two_text_size__hover_enabled=&#8221;off&#8221; button_text_color__hover_enabled=&#8221;off&#8221; button_one_text_color__hover_enabled=&#8221;off&#8221; button_two_text_color__hover_enabled=&#8221;off&#8221; button_border_width__hover_enabled=&#8221;off&#8221; button_one_border_width__hover_enabled=&#8221;off&#8221; button_two_border_width__hover_enabled=&#8221;off&#8221; button_border_color__hover_enabled=&#8221;off&#8221; button_one_border_color__hover_enabled=&#8221;off&#8221; button_two_border_color__hover_enabled=&#8221;off&#8221; button_border_radius__hover_enabled=&#8221;off&#8221; button_one_border_radius__hover_enabled=&#8221;off&#8221; button_two_border_radius__hover_enabled=&#8221;off&#8221; button_letter_spacing__hover_enabled=&#8221;off&#8221; button_one_letter_spacing__hover_enabled=&#8221;off&#8221; button_two_letter_spacing__hover_enabled=&#8221;off&#8221; button_bg_color__hover_enabled=&#8221;off&#8221; button_one_bg_color__hover_enabled=&#8221;off&#8221; button_two_bg_color__hover_enabled=&#8221;off&#8221; sticky_enabled=&#8221;0&#8243;]<\/p>\n<p><em>&#8220;Este imbucurator sa vedem ca exista si oameni care se folosesc din plin de garda la sol si AWD-uri.\u00a0Cu ocazia asta vad si cititorii din exterior ca masinile sunt bune si mai ales utile.&#8221;<\/em><\/p>\n<p style=\"text-align: right;\"><a href=\"https:\/\/www.subarufanclub.ro\/forum\/index.php\/topic,2474.msg106986.html#msg106986\"><strong>Boxer<\/strong><\/a><\/p>\n<p style=\"text-align: right; font-size: 0.6rem;\">Jurnale de bord \/ Forester Foresterul meu SJ (2014-2018) Forester 2.0 XT, MY2015<\/p>\n<p>[\/et_pb_slide][et_pb_slide _builder_version=&#8221;4.7.4&#8243; background_color=&#8221;#ffffff&#8221; text_orientation=&#8221;left&#8221; background_layout=&#8221;light&#8221; hover_enabled=&#8221;0&#8243; sticky_transition=&#8221;on&#8221; button_text_size__hover_enabled=&#8221;off&#8221; button_one_text_size__hover_enabled=&#8221;off&#8221; button_two_text_size__hover_enabled=&#8221;off&#8221; button_text_color__hover_enabled=&#8221;off&#8221; button_one_text_color__hover_enabled=&#8221;off&#8221; button_two_text_color__hover_enabled=&#8221;off&#8221; button_border_width__hover_enabled=&#8221;off&#8221; button_one_border_width__hover_enabled=&#8221;off&#8221; button_two_border_width__hover_enabled=&#8221;off&#8221; button_border_color__hover_enabled=&#8221;off&#8221; button_one_border_color__hover_enabled=&#8221;off&#8221; button_two_border_color__hover_enabled=&#8221;off&#8221; button_border_radius__hover_enabled=&#8221;off&#8221; button_one_border_radius__hover_enabled=&#8221;off&#8221; button_two_border_radius__hover_enabled=&#8221;off&#8221; button_letter_spacing__hover_enabled=&#8221;off&#8221; button_one_letter_spacing__hover_enabled=&#8221;off&#8221; button_two_letter_spacing__hover_enabled=&#8221;off&#8221; button_bg_color__hover_enabled=&#8221;off&#8221; button_one_bg_color__hover_enabled=&#8221;off&#8221; button_two_bg_color__hover_enabled=&#8221;off&#8221; sticky_enabled=&#8221;0&#8243;]<\/p>\n<p><em>&#8220;Multumesc tuturor pentru ajutor.<br \/> Personal nu am intalnit pana acum vreo comunitate asa unita ca cea de pe acest forum. Parca doar de asta as cumpara un Subaru <img decoding=\"async\" src=\"https:\/\/www.subarufanclub.ro\/site\/wp-content\/themes\/Divi\/includes\/builder\/frontend-builder\/assets\/vendors\/plugins\/emoticons\/img\/smiley-yell.gif\" alt=\"yell\" \/>&#8220;<\/em><\/p>\n<p style=\"text-align: right;\"><a href=\"https:\/\/www.subarufanclub.ro\/forum\/index.php\/topic,805.msg101514.html#msg101514\"><strong>sorin9308<\/strong><\/a><\/p>\n<p style=\"text-align: right; font-size: 0.6rem;\">Discu\u021bii despre modelele Subaru \/ Forester \/ Sfat cumparare Forester second hand<\/p>\n<p>[\/et_pb_slide][\/et_pb_slider][\/et_pb_column][\/et_pb_row][et_pb_row _builder_version=&#8221;3.25&#8243; custom_padding=&#8221;27px|0px|0px|0px&#8221;][et_pb_column type=&#8221;4_4&#8243; _builder_version=&#8221;3.25&#8243; custom_padding=&#8221;|||&#8221; custom_padding__hover=&#8221;|||&#8221;][et_pb_divider color=&#8221;#cccccc&#8221; _builder_version=&#8221;3.2&#8243;][\/et_pb_divider][\/et_pb_column][\/et_pb_row][et_pb_row admin_label=&#8221;row&#8221; _builder_version=&#8221;3.25&#8243; background_size=&#8221;initial&#8221; background_position=&#8221;top_left&#8221; background_repeat=&#8221;repeat&#8221; custom_padding=&#8221;30px|0px|27px|0px&#8221; column_structure=&#8221;1_3,1_3,1_3&#8243;][et_pb_column type=&#8221;1_3&#8243; _builder_version=&#8221;3.25&#8243; custom_padding=&#8221;|||&#8221; custom_padding__hover=&#8221;|||&#8221;][et_pb_number_counter title=&#8221;ani de activitate&#8221; number=&#8221;10&#8243; percent_sign=&#8221;off&#8221; admin_label=&#8221;Number Counter&#8221; _builder_version=&#8221;4.7.4&#8243; title_text_color=&#8221;#aaaaaa&#8221; title_font_size=&#8221;26px&#8221; number_text_color=&#8221;#0c71c3&#8243; background_size=&#8221;initial&#8221; background_position=&#8221;top_left&#8221; background_repeat=&#8221;repeat&#8221; hover_enabled=&#8221;0&#8243; sticky_enabled=&#8221;0&#8243;][\/et_pb_number_counter][\/et_pb_column][et_pb_column type=&#8221;1_3&#8243; _builder_version=&#8221;3.25&#8243; custom_padding=&#8221;|||&#8221; custom_padding__hover=&#8221;|||&#8221;][et_pb_number_counter title=&#8221;membri \u00eenregistra\u021bi&#8221; number=&#8221;3249&#8243; percent_sign=&#8221;off&#8221; admin_label=&#8221;Number Counter&#8221; _builder_version=&#8221;4.7.4&#8243; title_text_color=&#8221;#aaaaaa&#8221; title_font_size=&#8221;26px&#8221; number_text_color=&#8221;#f4dd30&#8243; background_size=&#8221;initial&#8221; background_position=&#8221;top_left&#8221; background_repeat=&#8221;repeat&#8221; hover_enabled=&#8221;0&#8243; sticky_enabled=&#8221;0&#8243;][\/et_pb_number_counter][\/et_pb_column][et_pb_column type=&#8221;1_3&#8243; _builder_version=&#8221;3.25&#8243; custom_padding=&#8221;|||&#8221; custom_padding__hover=&#8221;|||&#8221;][et_pb_number_counter title=&#8221;evenimente na\u021bionale&#8221; number=&#8221;33&#8243; percent_sign=&#8221;off&#8221; admin_label=&#8221;Number Counter&#8221; _builder_version=&#8221;4.7.4&#8243; title_text_color=&#8221;#aaaaaa&#8221; title_font_size=&#8221;26px&#8221; number_text_color=&#8221;#e02b20&#8243; background_size=&#8221;initial&#8221; background_position=&#8221;top_left&#8221; background_repeat=&#8221;repeat&#8221; hover_enabled=&#8221;0&#8243; sticky_enabled=&#8221;0&#8243;][\/et_pb_number_counter][\/et_pb_column][\/et_pb_row][et_pb_row _builder_version=&#8221;3.25&#8243;][et_pb_column type=&#8221;4_4&#8243; _builder_version=&#8221;3.25&#8243; custom_padding=&#8221;|||&#8221; custom_padding__hover=&#8221;|||&#8221;][et_pb_divider color=&#8221;#cccccc&#8221; _builder_version=&#8221;3.2&#8243;][\/et_pb_divider][\/et_pb_column][\/et_pb_row][et_pb_row admin_label=&#8221;row&#8221; _builder_version=&#8221;3.25&#8243; background_size=&#8221;initial&#8221; background_position=&#8221;top_left&#8221; background_repeat=&#8221;repeat&#8221; custom_padding=&#8221;|||&#8221; column_structure=&#8221;1_3,2_3&#8243;][et_pb_column type=&#8221;1_3&#8243; _builder_version=&#8221;3.25&#8243; custom_padding=&#8221;|||&#8221; custom_padding__hover=&#8221;|||&#8221;][et_pb_blurb title=&#8221;Cod QR link Forum.&#8221; image=&#8221;https:\/\/subarufanclub.ro\/site\/wp-content\/uploads\/2017\/03\/access-SFC-Forum.png&#8221; alt=&#8221;Cod QR link Forum&#8221; disabled_on=&#8221;on|off|off&#8221; admin_label=&#8221;Blurb&#8221; _builder_version=&#8221;3.0.74&#8243; background_size=&#8221;initial&#8221; background_position=&#8221;top_left&#8221; background_repeat=&#8221;repeat&#8221; text_orientation=&#8221;center&#8221; max_width_last_edited=&#8221;off|desktop&#8221; custom_margin=&#8221;|||&#8221; custom_padding=&#8221;|||&#8221; animation=&#8221;left&#8221;]Scaneaz\u0103 cu smartphone pentru a accesa Forumul pe dispozitivul mobil<br \/>\n[\/et_pb_blurb][\/et_pb_column][et_pb_column type=&#8221;2_3&#8243; _builder_version=&#8221;3.25&#8243; custom_padding=&#8221;|||&#8221; custom_padding__hover=&#8221;|||&#8221;][et_pb_text _builder_version=&#8221;3.27.4&#8243; text_font_size=&#8221;18px&#8221; header_font=&#8221;|on|||&#8221; header_line_height=&#8221;1.7em&#8221; background_size=&#8221;initial&#8221; background_position=&#8221;top_left&#8221; background_repeat=&#8221;repeat&#8221; text_orientation=&#8221;justified&#8221; custom_margin=&#8221;||50px|&#8221;]Forumul este nucleul comunit\u0103\u021bii noastre, principalul loc pentru discu\u021bii, locul unde membrii comunit\u0103\u021bii \u00ee\u0219i prezint\u0103 ma\u0219inile, schimb\u0103 p\u0103reri \u0219i informa\u021bii utile.<\/p>\n<p>O veritabil\u0103 baz\u0103 de date \u00een care sunt adunate experien\u021bele \u0219i sfaturile cunosc\u0103torilor m\u0103rcii.<br \/>\n[\/et_pb_text][et_pb_button button_url=&#8221;http:\/\/www.subarufanclub.ro\/forum\/&#8221; button_text=&#8221;Viziteaz\u0103 Forumul&#8221; button_alignment=&#8221;center&#8221; _builder_version=&#8221;3.16&#8243; button_text_size__hover_enabled=&#8221;off&#8221; button_one_text_size__hover_enabled=&#8221;off&#8221; button_two_text_size__hover_enabled=&#8221;off&#8221; button_text_color__hover_enabled=&#8221;off&#8221; button_one_text_color__hover_enabled=&#8221;off&#8221; button_two_text_color__hover_enabled=&#8221;off&#8221; button_border_width__hover_enabled=&#8221;off&#8221; button_one_border_width__hover_enabled=&#8221;off&#8221; button_two_border_width__hover_enabled=&#8221;off&#8221; button_border_color__hover_enabled=&#8221;off&#8221; button_one_border_color__hover_enabled=&#8221;off&#8221; button_two_border_color__hover_enabled=&#8221;off&#8221; button_border_radius__hover_enabled=&#8221;off&#8221; button_one_border_radius__hover_enabled=&#8221;off&#8221; button_two_border_radius__hover_enabled=&#8221;off&#8221; button_letter_spacing__hover_enabled=&#8221;off&#8221; button_one_letter_spacing__hover_enabled=&#8221;off&#8221; button_two_letter_spacing__hover_enabled=&#8221;off&#8221; button_bg_color__hover_enabled=&#8221;off&#8221; button_one_bg_color__hover_enabled=&#8221;off&#8221; button_two_bg_color__hover_enabled=&#8221;off&#8221;][\/et_pb_button][\/et_pb_column][\/et_pb_row][\/et_pb_section]<\/p>\n","protected":false},"excerpt":{"rendered":"<p>&#8220;&#8230;Mersi inca o data de sfaturi. Tre sa marturisesc ca is un pic uimit de cata ospitalitate e pe forumul asta&#8230;&#8221; ioanmoldovan95 Jurnale de bord\/ Legacy &amp; Outback\/\u00a0 Legacy\/Outback I, II \u0219i III (89-2003) \/ Outback BH 2003 &#8220;Este imbucurator sa vedem ca exista si oameni care se folosesc din plin de garda la sol [&hellip;]<\/p>\n","protected":false},"author":1,"featured_media":0,"parent":0,"menu_order":0,"comment_status":"closed","ping_status":"closed","template":"","meta":{"_et_pb_use_builder":"on","_et_pb_old_content":"","_et_gb_content_width":""},"_links":{"self":[{"href":"https:\/\/www.subarufanclub.ro\/site\/wp-json\/wp\/v2\/pages\/1224"}],"collection":[{"href":"https:\/\/www.subarufanclub.ro\/site\/wp-json\/wp\/v2\/pages"}],"about":[{"href":"https:\/\/www.subarufanclub.ro\/site\/wp-json\/wp\/v2\/types\/page"}],"author":[{"embeddable":true,"href":"https:\/\/www.subarufanclub.ro\/site\/wp-json\/wp\/v2\/users\/1"}],"replies":[{"embeddable":true,"href":"https:\/\/www.subarufanclub.ro\/site\/wp-json\/wp\/v2\/comments?post=1224"}],"version-history":[{"count":0,"href":"https:\/\/www.subarufanclub.ro\/site\/wp-json\/wp\/v2\/pages\/1224\/revisions"}],"wp:attachment":[{"href":"https:\/\/www.subarufanclub.ro\/site\/wp-json\/wp\/v2\/media?parent=1224"}],"curies":[{"name":"wp","href":"https:\/\/api.w.org\/{rel}","templated":true}]}}