{"id":2,"date":"2017-03-09T20:07:13","date_gmt":"2017-03-09T20:07:13","guid":{"rendered":"http:\/\/powercube.ro\/site\/?page_id=2"},"modified":"2020-12-11T08:40:37","modified_gmt":"2020-12-11T08:40:37","slug":"subaru-fan-club","status":"publish","type":"page","link":"https:\/\/www.subarufanclub.ro\/site\/","title":{"rendered":"Subaru Fan Club"},"content":{"rendered":"<p>[et_pb_section fb_built=&#8221;1&#8243; fullwidth=&#8221;on&#8221; custom_padding_last_edited=&#8221;on|phone&#8221; next_background_color=&#8221;#ffffff&#8221; admin_label=&#8221;section&#8221; _builder_version=&#8221;3.22&#8243; background_image=&#8221;https:\/\/www.subarufanclub.ro\/site\/wp-content\/uploads\/2017\/10\/l2d-v2.png&#8221; custom_margin=&#8221;|||&#8221; custom_padding=&#8221;100px||300px|&#8221; custom_padding_tablet=&#8221;50px||50px|&#8221; custom_padding_phone=&#8221;15px||25px|&#8221; top_divider_style=&#8221;slant2&#8243; top_divider_color=&#8221;#6390DD&#8221; top_divider_height=&#8221;50px&#8221; bottom_divider_style=&#8221;ramp2&#8243;][et_pb_fullwidth_image _builder_version=&#8221;3.0.72&#8243; animation_style=&#8221;slide&#8221; animation_direction=&#8221;left&#8221; animation_duration=&#8221;500ms&#8221; animation_intensity_slide=&#8221;10%&#8221;][\/et_pb_fullwidth_image][\/et_pb_section][et_pb_section fb_built=&#8221;1&#8243; admin_label=&#8221;section&#8221; _builder_version=&#8221;3.22&#8243; custom_padding=&#8221;50px|0px|50px|0px&#8221;][et_pb_row column_structure=&#8221;1_2,1_2&#8243; admin_label=&#8221;row&#8221; _builder_version=&#8221;3.25&#8243; background_size=&#8221;initial&#8221; background_position=&#8221;top_left&#8221; background_repeat=&#8221;repeat&#8221; custom_padding=&#8221;25px|25px||25px&#8221;][et_pb_column type=&#8221;1_2&#8243; _builder_version=&#8221;3.25&#8243; custom_padding=&#8221;|||&#8221; custom_padding__hover=&#8221;|||&#8221;][et_pb_image src=&#8221;https:\/\/www.subarufanclub.ro\/site\/wp-content\/uploads\/2017\/03\/fingerprint-Subaru.jpg&#8221; align=&#8221;center&#8221; align_tablet=&#8221;center&#8221; align_phone=&#8221;&#8221; align_last_edited=&#8221;on|desktop&#8221; admin_label=&#8221;Image&#8221; _builder_version=&#8221;3.23&#8243; animation_style=&#8221;slide&#8221; animation_direction=&#8221;left&#8221; animation_duration=&#8221;500ms&#8221; animation_intensity_slide=&#8221;10%&#8221;][\/et_pb_image][\/et_pb_column][et_pb_column type=&#8221;1_2&#8243; _builder_version=&#8221;3.25&#8243; custom_padding=&#8221;|||&#8221; custom_padding__hover=&#8221;|||&#8221;][et_pb_text admin_label=&#8221;Text&#8221; _builder_version=&#8221;3.27.4&#8243; text_font_size=&#8221;18px&#8221; background_size=&#8221;initial&#8221; background_position=&#8221;top_left&#8221; background_repeat=&#8221;repeat&#8221; text_orientation=&#8221;justified&#8221; custom_margin=&#8221;|||&#8221;]<\/p>\n<p class=\"\"><strong style=\"color: #3b60ac; font-size: 30px;\">Salut!<\/strong><\/p>\n<p class=\"\">Dac\u0103 \u0219i \u021bie \u00ee\u021bi place s\u0103 conduci \u0219i mai ales dac\u0103 \u00ee\u021bi plac ma\u0219inile SUBARU, atunci ai ajuns\u00a0\u00een locul potrivit.<\/p>\n<p class=\"\">Navigheaz\u0103 prin meniul principal\u00a0pentru a afla mai multe despre pasiunea ce ne leag\u0103.<\/p>\n<p class=\"\">Viziteaz\u0103 Forumul s\u0103 ne \u00eemp\u0103rt\u0103\u0219e\u0219ti din experien\u021bele tale auto.<\/p>\n<p>[\/et_pb_text][\/et_pb_column][\/et_pb_row][\/et_pb_section][et_pb_section fb_built=&#8221;1&#8243; admin_label=&#8221;section&#8221; _builder_version=&#8221;3.22&#8243; custom_padding=&#8221;12.8594px|0px|0px|0px&#8221;][et_pb_row admin_label=&#8221;row&#8221; _builder_version=&#8221;3.25&#8243; background_size=&#8221;initial&#8221; background_position=&#8221;top_left&#8221; background_repeat=&#8221;repeat&#8221; custom_padding=&#8221;25.7344px|0px|0px|0px&#8221;][et_pb_column type=&#8221;4_4&#8243; _builder_version=&#8221;3.25&#8243; custom_padding=&#8221;|||&#8221; custom_padding__hover=&#8221;|||&#8221;][et_pb_divider color=&#8221;#dddddd&#8221; disabled_on=&#8221;on|on|off&#8221; admin_label=&#8221;Divider&#8221; _builder_version=&#8221;3.23.4&#8243; height=&#8221;50px&#8221;][\/et_pb_divider][et_pb_text admin_label=&#8221;Text&#8221; _builder_version=&#8221;3.27.4&#8243; background_size=&#8221;initial&#8221; background_position=&#8221;top_left&#8221; background_repeat=&#8221;repeat&#8221; text_orientation=&#8221;center&#8221; module_alignment=&#8221;center&#8221; custom_margin=&#8221;50px|||&#8221;]<\/p>\n<p class=\"\" style=\"padding-bottom: 1em; background-color: #ffffff; font-size: 18px; line-height: 2em;\"><strong style=\"font-size: 30px; color: #3b60ac;\">Blog preview<\/strong><\/p>\n<p><strong style=\"font-size: 30px; color: #3b60ac;\">\u00a0<\/strong><br \/>\n[\/et_pb_text][\/et_pb_column][\/et_pb_row][et_pb_row admin_label=&#8221;row&#8221; _builder_version=&#8221;3.25&#8243; background_size=&#8221;initial&#8221; background_position=&#8221;top_left&#8221; background_repeat=&#8221;repeat&#8221; custom_padding=&#8221;0px|0px|0px|0px&#8221;][et_pb_column type=&#8221;4_4&#8243; _builder_version=&#8221;3.25&#8243; custom_padding=&#8221;|||&#8221; custom_padding__hover=&#8221;|||&#8221;][et_pb_blog fullwidth=&#8221;off&#8221; posts_number=&#8221;6&#8243; include_categories=&#8221;23,3&#8243; show_more=&#8221;on&#8221; show_author=&#8221;off&#8221; show_date=&#8221;off&#8221; admin_label=&#8221;Blog&#8221; _builder_version=&#8221;3.0.94&#8243; meta_text_color=&#8221;#aaaaaa&#8221; meta_font_size=&#8221;12px&#8221;][\/et_pb_blog][\/et_pb_column][\/et_pb_row][\/et_pb_section][et_pb_section fb_built=&#8221;1&#8243; fullwidth=&#8221;on&#8221; disabled_on=&#8221;on|on|off&#8221; admin_label=&#8221;section&#8221; _builder_version=&#8221;3.22&#8243; background_image=&#8221;https:\/\/www.subarufanclub.ro\/site\/wp-content\/uploads\/2017\/06\/service-parts.jpg&#8221; parallax=&#8221;on&#8221; custom_padding=&#8221;50px|250px|150px|&#8221;][\/et_pb_section][et_pb_section fb_built=&#8221;1&#8243; admin_label=&#8221;section&#8221; _builder_version=&#8221;3.22&#8243; custom_padding=&#8221;||10vh|&#8221; bottom_divider_style=&#8221;ramp2&#8243; bottom_divider_color=&#8221;#505050&#8243;][et_pb_row column_structure=&#8221;1_2,1_2&#8243; admin_label=&#8221;row&#8221; _builder_version=&#8221;3.25&#8243; background_size=&#8221;initial&#8221; background_position=&#8221;top_left&#8221; background_repeat=&#8221;repeat&#8221; custom_padding=&#8221;25px|0px|25px|0px&#8221;][et_pb_column type=&#8221;1_2&#8243; _builder_version=&#8221;3.25&#8243; custom_padding=&#8221;|||&#8221; custom_padding__hover=&#8221;|||&#8221;][et_pb_text admin_label=&#8221;Text&#8221; _builder_version=&#8221;3.27.4&#8243; background_size=&#8221;initial&#8221; background_position=&#8221;top_left&#8221; background_repeat=&#8221;repeat&#8221; text_orientation=&#8221;justified&#8221; custom_margin=&#8221;|25px||25px&#8221;]<\/p>\n<p class=\"\" style=\"background-color: #ffffff; font-size: 18px; line-height: 2em; text-align: left;\"><strong style=\"font-size: 30px; color: #3b60ac;\">Parteneri\u00a0oficiali<\/strong><\/p>\n<p><span style=\"font-size: 18px;\">Dorin\u021ba de a p\u0103stra ma\u0219inile \u00een stare tehnic\u0103 irepro\u0219abil\u0103 \u0219i utilizarea lor mult dup\u0103 ie\u0219irea din garan\u021bie,\u00a0ne face s\u0103 fim foarte selectivi c\u00e2nd vine vorba de partenerii proiectelor noastre. Fie c\u0103 \u00eentre\u021bii sau restaurezi un Subaru, meri\u021bi un partener de \u00eencredere. <\/span><\/p>\n<p><span style=\"font-size: 18px;\">Calitatea produselor \u0219i a serviciilor oferite de partenerii no\u0219tri este verificat\u0103 \u0219i confirmat\u0103 regulat de administratorii \u0219i membrii clubului.<\/span><br \/>\n[\/et_pb_text][\/et_pb_column][et_pb_column type=&#8221;1_2&#8243; _builder_version=&#8221;3.25&#8243; custom_padding=&#8221;|||&#8221; custom_padding__hover=&#8221;|||&#8221;][et_pb_image src=&#8221;https:\/\/subarufanclub.ro\/site\/wp-content\/uploads\/2017\/04\/esquare-logo.png&#8221; alt=&#8221;ESQ&#8221; url=&#8221;https:\/\/esq.ro\/webhosting\/&#8221; url_new_window=&#8221;on&#8221; align=&#8221;center&#8221; align_tablet=&#8221;center&#8221; align_phone=&#8221;&#8221; align_last_edited=&#8221;on|desktop&#8221; admin_label=&#8221;Image&#8221; _builder_version=&#8221;3.23&#8243; animation_style=&#8221;slide&#8221; animation_direction=&#8221;right&#8221; animation_duration=&#8221;500ms&#8221; animation_intensity_slide=&#8221;10%&#8221; animation=&#8221;right&#8221;][\/et_pb_image][\/et_pb_column][\/et_pb_row][\/et_pb_section]<\/p>\n","protected":false},"excerpt":{"rendered":"<p>Salut! Dac\u0103 \u0219i \u021bie \u00ee\u021bi place s\u0103 conduci \u0219i mai ales dac\u0103 \u00ee\u021bi plac ma\u0219inile SUBARU, atunci ai ajuns\u00a0\u00een locul potrivit. Navigheaz\u0103 prin meniul principal\u00a0pentru a afla mai multe despre pasiunea ce ne leag\u0103. Viziteaz\u0103 Forumul s\u0103 ne \u00eemp\u0103rt\u0103\u0219e\u0219ti din experien\u021bele tale auto. Blog preview \u00a0 Parteneri\u00a0oficiali Dorin\u021ba de a p\u0103stra ma\u0219inile \u00een stare tehnic\u0103 [&hellip;]<\/p>\n","protected":false},"author":1,"featured_media":0,"parent":0,"menu_order":0,"comment_status":"closed","ping_status":"open","template":"","meta":{"_et_pb_use_builder":"on","_et_pb_old_content":"<p>This is an example page. It's different from a blog post because it will stay in one place and will show up in your site navigation (in most themes). Most people start with an About page that introduces them to potential site visitors. It might say something like this.<\/p>","_et_gb_content_width":""},"_links":{"self":[{"href":"https:\/\/www.subarufanclub.ro\/site\/wp-json\/wp\/v2\/pages\/2"}],"collection":[{"href":"https:\/\/www.subarufanclub.ro\/site\/wp-json\/wp\/v2\/pages"}],"about":[{"href":"https:\/\/www.subarufanclub.ro\/site\/wp-json\/wp\/v2\/types\/page"}],"author":[{"embeddable":true,"href":"https:\/\/www.subarufanclub.ro\/site\/wp-json\/wp\/v2\/users\/1"}],"replies":[{"embeddable":true,"href":"https:\/\/www.subarufanclub.ro\/site\/wp-json\/wp\/v2\/comments?post=2"}],"version-history":[{"count":0,"href":"https:\/\/www.subarufanclub.ro\/site\/wp-json\/wp\/v2\/pages\/2\/revisions"}],"wp:attachment":[{"href":"https:\/\/www.subarufanclub.ro\/site\/wp-json\/wp\/v2\/media?parent=2"}],"curies":[{"name":"wp","href":"https:\/\/api.w.org\/{rel}","templated":true}]}}