{"id":756,"date":"2011-12-19T14:18:47","date_gmt":"2011-12-19T14:18:47","guid":{"rendered":"http:\/\/subarufanclub.ro\/blog\/?page_id=7"},"modified":"2018-05-05T15:38:56","modified_gmt":"2018-05-05T15:38:56","slug":"conceptul","status":"publish","type":"page","link":"https:\/\/www.subarufanclub.ro\/site\/conceptul\/","title":{"rendered":"Conceptul"},"content":{"rendered":"<p>[et_pb_section fb_built=&#8221;1&#8243; fullwidth=&#8221;on&#8221; next_background_color=&#8221;#ffffff&#8221; disabled_on=&#8221;on|off|off&#8221; admin_label=&#8221;section&#8221; _builder_version=&#8221;3.2.1&#8243; background_image=&#8221;https:\/\/www.subarufanclub.ro\/site\/wp-content\/uploads\/2017\/06\/Subaru-Silver-Impreza.jpg&#8221; parallax=&#8221;on&#8221; custom_padding=&#8221;80px|87px|80px|0px&#8221; top_divider_style=&#8221;slant2&#8243; top_divider_color=&#8221;#6390dd&#8221; top_divider_height=&#8221;50px&#8221; bottom_divider_style=&#8221;ramp2&#8243;][et_pb_fullwidth_header title=&#8221;Conceptul&#8221; image_orientation=&#8221;bottom&#8221; title_font_color=&#8221;#aaaaaa&#8221; disabled_on=&#8221;on|off|off&#8221; admin_label=&#8221;Fullwidth Header&#8221; _builder_version=&#8221;3.2&#8243; title_text_color=&#8221;#aaaaaa&#8221; title_font_size=&#8221;48px&#8221; background_color=&#8221;rgba(255, 255, 255, 0)&#8221;][\/et_pb_fullwidth_header][\/et_pb_section][et_pb_section fb_built=&#8221;1&#8243; admin_label=&#8221;section&#8221; _builder_version=&#8221;3.2.1&#8243; custom_padding=&#8221;|||&#8221; bottom_divider_color=&#8221;#505050&#8243;][et_pb_row custom_padding=&#8221;|||&#8221; admin_label=&#8221;row&#8221; _builder_version=&#8221;3.0.82&#8243; background_size=&#8221;initial&#8221; background_position=&#8221;top_left&#8221; background_repeat=&#8221;repeat&#8221;][et_pb_column type=&#8221;1_2&#8243; _builder_version=&#8221;3.0.47&#8243; parallax=&#8221;off&#8221; parallax_method=&#8221;on&#8221;][et_pb_text admin_label=&#8221;Text&#8221; _builder_version=&#8221;3.2.1&#8243; text_font=&#8221;||||||||&#8221; background_size=&#8221;initial&#8221; background_position=&#8221;top_left&#8221; background_repeat=&#8221;repeat&#8221; text_orientation=&#8221;justified&#8221; custom_margin=&#8221;|||&#8221;]<\/p>\n<h1><strong>Conceptul<\/strong><\/h1>\n<p>Asemenea construc\u021biei BOXER\u00a0+ Symmetrical AWD, comunitatea <strong>SubaruFanClub<\/strong> are la baz\u0103 un cod de etic\u0103 \u0219i conduit\u0103 echilibrat \u0219i performant.<\/p>\n<p>Fiind promovat \u0219i respectat de to\u021bi membrii \u0219i partenerii clubului, ai certitudinea c\u0103 te al\u0103turi unui grup de top.<\/p>\n<p>[\/et_pb_text][\/et_pb_column][et_pb_column type=&#8221;1_2&#8243; _builder_version=&#8221;3.0.47&#8243; parallax=&#8221;off&#8221; parallax_method=&#8221;on&#8221;][et_pb_image src=&#8221;https:\/\/subarufanclub.ro\/site\/wp-content\/uploads\/2017\/04\/4aab7a001a4931996525e797f01719.jpg&#8221; align=&#8221;center&#8221; admin_label=&#8221;Image&#8221; _builder_version=&#8221;3.2.1&#8243; custom_margin=&#8221;5vh|||&#8221; animation_style=&#8221;slide&#8221; animation_direction=&#8221;right&#8221; animation_duration=&#8221;500ms&#8221; animation_intensity_slide=&#8221;10%&#8221; animation=&#8221;right&#8221;][\/et_pb_image][\/et_pb_column][\/et_pb_row][\/et_pb_section][et_pb_section fb_built=&#8221;1&#8243; fullwidth=&#8221;on&#8221; _builder_version=&#8221;3.0.47&#8243;][et_pb_fullwidth_image _builder_version=&#8221;3.0.47&#8243; animation_style=&#8221;slide&#8221; animation_direction=&#8221;left&#8221; animation_duration=&#8221;500ms&#8221; animation_intensity_slide=&#8221;10%&#8221;][\/et_pb_fullwidth_image][\/et_pb_section][et_pb_section fb_built=&#8221;1&#8243; _builder_version=&#8221;3.2.1&#8243; custom_padding=&#8221;||10vh|&#8221; bottom_divider_style=&#8221;ramp2&#8243; bottom_divider_color=&#8221;#505050&#8243;][et_pb_row custom_padding=&#8221;|||&#8221; custom_padding_tablet=&#8221;|25px||25px&#8221; custom_padding_phone=&#8221;|0px||0px&#8221; custom_padding_last_edited=&#8221;on|phone&#8221; _builder_version=&#8221;3.2.1&#8243; background_size=&#8221;initial&#8221; background_position=&#8221;top_left&#8221; background_repeat=&#8221;repeat&#8221;][et_pb_column type=&#8221;4_4&#8243; _builder_version=&#8221;3.0.47&#8243; parallax=&#8221;off&#8221; parallax_method=&#8221;on&#8221;][et_pb_text _builder_version=&#8221;3.2.1&#8243; text_font=&#8221;||||||||&#8221; background_size=&#8221;initial&#8221; background_position=&#8221;top_left&#8221; background_repeat=&#8221;repeat&#8221; text_orientation=&#8221;justified&#8221; inline_fonts=&#8221;Abel&#8221; header_font=&#8221;||||||||&#8221;]<\/p>\n<h1>Codul de etic\u0103 \u0219i conduit\u0103<\/h1>\n<p>&nbsp;<\/p>\n<p><strong>Codul de etic\u0103<\/strong> \u0219i conduit\u0103 stabile\u0219te principii morale respectate de to\u021bi membrii clubului, c\u00e2t \u0219i de partenerii oficiali ai acestuia.<\/p>\n<p><strong>Aderare:<\/strong> Prin acceptarea termenilor \u0219i condi\u021biilor prezentate \u00een momentul \u00eenregistr\u0103rii contului, implicit utilizatorul ader\u0103 la codul de etic\u0103 \u0219i conduit\u0103 prezent.<\/p>\n<p><strong>Respectarea codului:<\/strong> Nu se limiteaz\u0103 doar la activitatea online, ci se extinde \u0219i \u00een cadrul \u00eent\u00e2lnirilor organizate de club sau de c\u0103tre membrii acestuia.<\/p>\n<p><strong>Responsabilitate:<\/strong> Responsabilitatea respect\u0103rii codului revine fiec\u0103rui membru \u00een parte, fiind \u00een acela\u0219i timp \u0219i interesul general al comunit\u0103\u021bii de a promova acest cod. Administratorii \u0219i moderatorii vor face tot posibilul pentru promovarea codului \u0219i sunt responsabili de luarea m\u0103surilor necesare \u00een caz de nerespectare.<\/p>\n<p><strong>Respectul fa\u021b\u0103 de club:<\/strong> Clubul reprezint\u0103 o form\u0103 de organizare privat\u0103, \u00eentr-un cadru dedicat la care se ader\u0103 doar prin aprobarea personal\u0103 de c\u0103tre administratori. Sunt interzise denigrarea, batjocorirea sau satirizarea clubului \u0219i a \u00eensemnelor sale (sigle, materiale promo\u021bionale, postere etc.)<\/p>\n<p><strong>Respectul fa\u021b\u0103 de interesul public:<\/strong> Membrii clubului sunt sf\u0103tui\u021bi s\u0103 ini\u021bieze \u0219i\u00a0s\u0103 dea curs discu\u021biilor cu un caracter public \u0219i de interes public. Se evit\u0103 discu\u021biile lipsite de sens sau generatoare de conflicte.<\/p>\n<p><strong>Dreptul la calitate:<\/strong> Sunt dorite \u0219i promovate discu\u021biile argumentate, organizate \u0219i structurate, folosind un limbaj adecvat, experien\u021be personale, exemple reale sau din surse verificate.<\/p>\n<p><strong>Respectul fa\u021b\u0103 de diferen\u021bele de opinie:<\/strong> Se promoveaza libertatea de exprimare \u0219i libera exprimare a opiniilor at\u00e2t timp c\u00e2t exist\u0103 un respect reciproc \u00eentre participan\u021bii la discu\u021bie.<\/p>\n<p><strong>Protec\u021bia datelor \u0219i a informa\u021biilor:<\/strong> Fiecare membru, implicit partener sau administrator este responsabil pentru protejarea intereselor personale sau ale clubului f\u0103r\u0103 a face publice informa\u021bii confiden\u021biale \u00een afara comunit\u0103\u021bii, f\u0103r\u0103 acordul scris al p\u0103r\u021bilor vizate. Administratorii se oblig\u0103 s\u0103 protejeze \u00een cel mai bun mod posibil datele cu un caracter personal.<\/p>\n<p><strong>Ambasadori ai m\u0103rcii:<\/strong> Odat\u0103 luat\u0103 decizia de a intra \u00een club, este clar interesul fa\u021b\u0103 de marc\u0103 \u0219i promovarea lucrurilor care ne plac. Este contrar codului s\u0103 &#8220;arunci cu noroi&#8221; \u00een marc\u0103 \u0219i s\u0103 generalizezi o experien\u021b\u0103 nepl\u0103cut\u0103. A\u0219tept\u0103m solu\u021bii, nu ridiculiz\u0103ri.<\/p>\n<p><strong>Apartenen\u021ba la grupurile superioare:<\/strong> Decizia accept\u0103rii \u00een categoriile superioare de utilizatori revine \u00een totalitate administratorilor. Acceptul\u00a0\u00een grupul Sus\u021bin\u0103tor Subarufanclub nu schimb\u0103 implicit \u0219i gradul de credibilitate sau\u00a0respect. Acestea se c\u00e2\u0219tig\u0103, nu se dob\u00e2ndesc.<\/p>\n<p><strong>Respectul fa\u021b\u0103 de partenerii oficiali:<\/strong> Partenerii clubului ar trebui respecta\u021bi chiar dac\u0103\u00a0c\u0103 ai ales s\u0103 folose\u0219ti produsele sau serviciile altor firme. Partenerii oficiali se implic\u0103 \u00een sus\u021binerea comunit\u0103\u021bii, fac eforturi \u00een a ne promova \u0219i merit\u0103 aprecierea \u0219i sus\u021binerea noastr\u0103.<\/p>\n<p><strong>Activit\u0103\u021bi comerciale:<\/strong> \u00cen cadrul clubului sunt permise activit\u0103\u021bi comerciale doar cu acordul \u0219i sub stricta supraveghere a administratorilor.<\/p>\n<p><strong>Dona\u021bia:<\/strong> Dona\u021bia reprezint\u0103 un ajutor oferit de un membru unui alt membru sau clubului \u00een form\u0103 financiar\u0103 sau \u00een natur\u0103 cu scopul de a ajuta persoana sau comunitatea.<\/p>\n<p><strong>Sponsorizarea:<\/strong> Sponsorizarea reprezint\u0103 un contract negociat prin care clubul ofer\u0103 unei persoane fizice sau juridice un set de beneficii agreate \u00eentre cele dou\u0103 p\u0103r\u021bi.<\/p>\n<p><strong>Dreptul la acces:<\/strong> Accesul este stabilit de administratorii \u0219i moderatorii clubului ce servesc cel mai bine interesele clubului. Este posibil ca anumite sec\u021biuni s\u0103 fie private total sau par\u021bial de vizibilitate pentru diferite grupuri de utilizatori.<\/p>\n<p><strong>Ajutorul reciproc:<\/strong> Ajut\u0103 pentru a fi ajutat. Prezint\u0103-\u021bi ma\u0219ina, r\u0103spunde la \u00eentreb\u0103rile postate, ajut\u0103 cu o statistic\u0103 sau cu o experien\u021b\u0103 de interes public, particip\u0103 la \u00eent\u00e2lniri \u0219i vei primi ajutor mult mai rapid dec\u00e2t dac\u0103 accesezi forumul doar c\u00e2nd ai o problem\u0103.<\/p>\n<p><strong>Informeaz\u0103 \u0219i informeaz\u0103-te:<\/strong> Ajut\u0103-i pe al\u021bii s\u0103 g\u0103seasc\u0103 informa\u021bia c\u0103utat\u0103 atunci c\u00e2nd este deja disponibil\u0103. Folose\u0219te func\u021bia de c\u0103utare \u0219i promoveaz\u0103 utilizarea ei.<\/p>\n<p><strong>Vinde \u0219i \u00eenchide:<\/strong> Sunt premise anun\u021buri de v\u00e2nzare condi\u021bionate de regulament. Odat\u0103 ce ai v\u00e2ndut un produs, solicit\u0103 \u00eenchiderea, \u00eenl\u0103turarea sau actualizarea anun\u021bului.<\/p>\n<p><strong>Asocierea:<\/strong> A face parte din club este un beneficiu acordat, nu un drept. Asocierea personal\u0103 cu imaginea clubului se va face doar cu acordul administratorilor (ex: organizarea de evenimente personale \u00een numele \u0219i cu membrii clubului, promovarea intereselor proprii \u00een concuren\u021b\u0103 sau paralel cu cele ale clubului etc.).<\/p>\n<p>[\/et_pb_text][\/et_pb_column][\/et_pb_row][\/et_pb_section]<\/p>\n","protected":false},"excerpt":{"rendered":"<p>Conceptul Asemenea construc\u021biei BOXER\u00a0+ Symmetrical AWD, comunitatea SubaruFanClub are la baz\u0103 un cod de etic\u0103 \u0219i conduit\u0103 echilibrat \u0219i performant. Fiind promovat \u0219i respectat de to\u021bi membrii \u0219i partenerii clubului, ai certitudinea c\u0103 te al\u0103turi unui grup de top.Codul de etic\u0103 \u0219i conduit\u0103 &nbsp; Codul de etic\u0103 \u0219i conduit\u0103 stabile\u0219te principii morale respectate de to\u021bi [&hellip;]<\/p>\n","protected":false},"author":2,"featured_media":0,"parent":0,"menu_order":0,"comment_status":"open","ping_status":"open","template":"","meta":{"_et_pb_use_builder":"on","_et_pb_old_content":"<div>\u00a0<\/div>","_et_gb_content_width":""},"_links":{"self":[{"href":"https:\/\/www.subarufanclub.ro\/site\/wp-json\/wp\/v2\/pages\/756"}],"collection":[{"href":"https:\/\/www.subarufanclub.ro\/site\/wp-json\/wp\/v2\/pages"}],"about":[{"href":"https:\/\/www.subarufanclub.ro\/site\/wp-json\/wp\/v2\/types\/page"}],"author":[{"embeddable":true,"href":"https:\/\/www.subarufanclub.ro\/site\/wp-json\/wp\/v2\/users\/2"}],"replies":[{"embeddable":true,"href":"https:\/\/www.subarufanclub.ro\/site\/wp-json\/wp\/v2\/comments?post=756"}],"version-history":[{"count":0,"href":"https:\/\/www.subarufanclub.ro\/site\/wp-json\/wp\/v2\/pages\/756\/revisions"}],"wp:attachment":[{"href":"https:\/\/www.subarufanclub.ro\/site\/wp-json\/wp\/v2\/media?parent=756"}],"curies":[{"name":"wp","href":"https:\/\/api.w.org\/{rel}","templated":true}]}}